{"id":124,"date":"2024-01-22T14:35:51","date_gmt":"2024-01-22T13:35:51","guid":{"rendered":"https:\/\/patrice-bonneau.com\/?page_id=124"},"modified":"2024-01-22T14:45:22","modified_gmt":"2024-01-22T13:45:22","slug":"mentions-legales","status":"publish","type":"page","link":"https:\/\/patrice-bonneau.com\/index.php\/mentions-legales\/","title":{"rendered":"Mentions l\u00e9gales"},"content":{"rendered":"\t\t<div data-elementor-type=\"wp-page\" data-elementor-id=\"124\" class=\"elementor elementor-124\">\n\t\t\t\t<div class=\"elementor-element elementor-element-0c2e82e e-flex e-con-boxed e-con e-parent\" data-id=\"0c2e82e\" data-element_type=\"container\" data-e-type=\"container\">\n\t\t\t\t\t<div class=\"e-con-inner\">\n\t\t\t\t<div class=\"elementor-element elementor-element-eb74dc8 elementor-widget elementor-widget-heading\" data-id=\"eb74dc8\" data-element_type=\"widget\" data-e-type=\"widget\" data-widget_type=\"heading.default\">\n\t\t\t\t<div class=\"elementor-widget-container\">\n\t\t\t\t\t<h3 class=\"elementor-heading-title elementor-size-default\">Loi informatique et libert\u00e9s :<\/h3>\t\t\t\t<\/div>\n\t\t\t\t<\/div>\n\t\t\t\t<div class=\"elementor-element elementor-element-8fde301 elementor-widget elementor-widget-text-editor\" data-id=\"8fde301\" data-element_type=\"widget\" data-e-type=\"widget\" data-widget_type=\"text-editor.default\">\n\t\t\t\t<div class=\"elementor-widget-container\">\n\t\t\t\t\t\t\t\t\t<p><span style=\"text-align: var(--text-align);\"><span style=\"color: #4a4a4a; font-family: Open Sans, sans-serif;\">Conform\u00e9ment \u00e0 l&rsquo;article 39 de la loi \u00ab\u00a0Informatique et Libert\u00e9s\u00a0\u00bb du 6 janvier 1978, l&rsquo;utilisateur dispose d&rsquo;un droit d&rsquo;acc\u00e8s, de modification, de rectification et de suppression des donn\u00e9es le concernant. Pour l&rsquo;exercice de ces droits, l&rsquo;utilisateur est invit\u00e9 \u00e0 s&rsquo;adresser par courriel \u00e0 contact@patrice-bonneau.com. Il peut aussi \u00e9crire au Responsable de publication.<\/span><\/span><\/p>\t\t\t\t\t\t\t\t<\/div>\n\t\t\t\t<\/div>\n\t\t\t\t<div class=\"elementor-element elementor-element-2eac355 elementor-widget elementor-widget-heading\" data-id=\"2eac355\" data-element_type=\"widget\" data-e-type=\"widget\" data-widget_type=\"heading.default\">\n\t\t\t\t<div class=\"elementor-widget-container\">\n\t\t\t\t\t<h3 class=\"elementor-heading-title elementor-size-default\">Responsable de publication :<\/h3>\t\t\t\t<\/div>\n\t\t\t\t<\/div>\n\t\t\t\t<div class=\"elementor-element elementor-element-45d75cf elementor-widget elementor-widget-text-editor\" data-id=\"45d75cf\" data-element_type=\"widget\" data-e-type=\"widget\" data-widget_type=\"text-editor.default\">\n\t\t\t\t<div class=\"elementor-widget-container\">\n\t\t\t\t\t\t\t\t\t<p>Patrice Bonneau &#8211; Paysagiste conseil<br \/>Monsieur Patrice Bonneau<br \/>4 rue des Tilleuls 56800 Augan<br \/>n\u00b0 Siret : 81006525000021<\/p>\t\t\t\t\t\t\t\t<\/div>\n\t\t\t\t<\/div>\n\t\t\t\t<div class=\"elementor-element elementor-element-a2b5cc0 elementor-widget elementor-widget-heading\" data-id=\"a2b5cc0\" data-element_type=\"widget\" data-e-type=\"widget\" data-widget_type=\"heading.default\">\n\t\t\t\t<div class=\"elementor-widget-container\">\n\t\t\t\t\t<h3 class=\"elementor-heading-title elementor-size-default\">Cr\u00e9ation du site internet :<\/h3>\t\t\t\t<\/div>\n\t\t\t\t<\/div>\n\t\t\t\t<div class=\"elementor-element elementor-element-23832b8 elementor-widget elementor-widget-text-editor\" data-id=\"23832b8\" data-element_type=\"widget\" data-e-type=\"widget\" data-widget_type=\"text-editor.default\">\n\t\t\t\t<div class=\"elementor-widget-container\">\n\t\t\t\t\t\t\t\t\t<p>Patrice Bonneau<br \/>4 rue des Tilleuls 56800 Augan &#8211; France<br \/>T\u00e9l. : 06.86.91.46.38<\/p>\t\t\t\t\t\t\t\t<\/div>\n\t\t\t\t<\/div>\n\t\t\t\t<div class=\"elementor-element elementor-element-71fbbdd elementor-widget elementor-widget-heading\" data-id=\"71fbbdd\" data-element_type=\"widget\" data-e-type=\"widget\" data-widget_type=\"heading.default\">\n\t\t\t\t<div class=\"elementor-widget-container\">\n\t\t\t\t\t<h3 class=\"elementor-heading-title elementor-size-default\">H\u00e9bergeur du site Internet :<\/h3>\t\t\t\t<\/div>\n\t\t\t\t<\/div>\n\t\t\t\t<div class=\"elementor-element elementor-element-87bd6a3 elementor-widget elementor-widget-text-editor\" data-id=\"87bd6a3\" data-element_type=\"widget\" data-e-type=\"widget\" data-widget_type=\"text-editor.default\">\n\t\t\t\t<div class=\"elementor-widget-container\">\n\t\t\t\t\t\t\t\t\t<p>SAS OVH<br \/>2 rue Kellermann<br \/>BP 80157<br \/>59100 Roubaix<br \/>France<\/p>\t\t\t\t\t\t\t\t<\/div>\n\t\t\t\t<\/div>\n\t\t\t\t<div class=\"elementor-element elementor-element-99b15e5 elementor-widget elementor-widget-heading\" data-id=\"99b15e5\" data-element_type=\"widget\" data-e-type=\"widget\" data-widget_type=\"heading.default\">\n\t\t\t\t<div class=\"elementor-widget-container\">\n\t\t\t\t\t<h3 class=\"elementor-heading-title elementor-size-default\">Propri\u00e9t\u00e9 Intellectuelle :<\/h3>\t\t\t\t<\/div>\n\t\t\t\t<\/div>\n\t\t\t\t<div class=\"elementor-element elementor-element-d45701b elementor-widget elementor-widget-text-editor\" data-id=\"d45701b\" data-element_type=\"widget\" data-e-type=\"widget\" data-widget_type=\"text-editor.default\">\n\t\t\t\t<div class=\"elementor-widget-container\">\n\t\t\t\t\t\t\t\t\t<p>Patrice BONNEAU est propri\u00e9taire des droits de propri\u00e9t\u00e9 intellectuelle et d\u00e9tient les droits d\u2019usage sur tous les \u00e9l\u00e9ments accessibles sur le site internet, notamment les textes, images, graphismes, logos, vid\u00e9os, architecture, ic\u00f4nes et sons.<\/p><p>Toute reproduction, repr\u00e9sentation, modification, publication, adaptation de tout ou partie des \u00e9l\u00e9ments du site, quel que soit le moyen ou le proc\u00e9d\u00e9 utilis\u00e9, est interdite, sauf autorisation \u00e9crite pr\u00e9alable de Patrice BONNEAU.<\/p><p>Toute exploitation non autoris\u00e9e du site ou de l\u2019un des \u00e9l\u00e9ments qu\u2019il contient sera consid\u00e9r\u00e9e comme constitutive d\u2019une contrefa\u00e7on et poursuivie conform\u00e9ment aux dispositions des articles L.335-2 et suivants du Code de Propri\u00e9t\u00e9 Intellectuelle.<\/p>\t\t\t\t\t\t\t\t<\/div>\n\t\t\t\t<\/div>\n\t\t\t\t<div class=\"elementor-element elementor-element-aa92e19 elementor-widget elementor-widget-heading\" data-id=\"aa92e19\" data-element_type=\"widget\" data-e-type=\"widget\" data-widget_type=\"heading.default\">\n\t\t\t\t<div class=\"elementor-widget-container\">\n\t\t\t\t\t<h3 class=\"elementor-heading-title elementor-size-default\">Politique de protection des donn\u00e9es :<\/h3>\t\t\t\t<\/div>\n\t\t\t\t<\/div>\n\t\t\t\t<div class=\"elementor-element elementor-element-78054a8 elementor-widget elementor-widget-text-editor\" data-id=\"78054a8\" data-element_type=\"widget\" data-e-type=\"widget\" data-widget_type=\"text-editor.default\">\n\t\t\t\t<div class=\"elementor-widget-container\">\n\t\t\t\t\t\t\t\t\t<p>La pr\u00e9sente politique de protection des donn\u00e9es permet de vous informer sur les conditions dans lesquelles vos donn\u00e9es personnelles sont susceptibles d&rsquo;\u00eatre trait\u00e9es et sur vos droits en application de la r\u00e9glementation Informatique et libert\u00e9s. La soci\u00e9t\u00e9 Patrice Bonneau &#8211; Paysagiste conseil, en qualit\u00e9 de responsable de traitement, s&rsquo;engage \u00e0 faire ses meilleurs efforts afin de garantir la confidentialit\u00e9 et la s\u00e9curit\u00e9 de vos donn\u00e9es \u00e0 caract\u00e8re personnel. Les donn\u00e9es personnelles collect\u00e9es \u00e0 partir du site ou communiqu\u00e9es par l&rsquo;utilisateur, notamment du fait des formulaires ou questionnaires pr\u00e9sents sur le site, sont destin\u00e9es \u00e0 Patrice BONNEAU, et ne sont pas destin\u00e9es \u00e0 \u00eatre transmises \u00e0 des tiers. Le traitement de vos donn\u00e9es a pour finalit\u00e9 la gestion administrative des dossiers-clients et de la relation-client. Elles sont conserv\u00e9es le temps n\u00e9cessaire \u00e0 l&rsquo;accomplissement de ces finalit\u00e9s. Patrice BONNEAU met en oeuvre tous les moyens destin\u00e9s \u00e0 assurer la s\u00e9curit\u00e9 et la confidentialit\u00e9 des fichiers constitu\u00e9s \u00e0 partir des donn\u00e9es personnelles collect\u00e9es sur le site. Cependant, Patrice BONNEAU ne ma\u00eetrise pas le fonctionnement de l&rsquo;internet et attire l&rsquo;attention des utilisateurs sur l&rsquo;existence d&rsquo;\u00e9ventuels risques en termes de confidentialit\u00e9 des donn\u00e9es transitant via ce r\u00e9seau.<\/p>\t\t\t\t\t\t\t\t<\/div>\n\t\t\t\t<\/div>\n\t\t\t\t\t<\/div>\n\t\t\t\t<\/div>\n\t\t\t\t<\/div>\n\t\t","protected":false},"excerpt":{"rendered":"<p>Loi informatique et libert\u00e9s : Conform\u00e9ment \u00e0 l&rsquo;article 39 de la loi \u00ab\u00a0Informatique et Libert\u00e9s\u00a0\u00bb du 6 janvier 1978, l&rsquo;utilisateur dispose d&rsquo;un droit d&rsquo;acc\u00e8s, de modification, de rectification et de suppression des donn\u00e9es le concernant. Pour l&rsquo;exercice de ces droits, l&rsquo;utilisateur est invit\u00e9 \u00e0 s&rsquo;adresser par courriel \u00e0 contact@patrice-bonneau.com. Il peut aussi \u00e9crire au Responsable [&hellip;]<\/p>\n","protected":false},"author":1,"featured_media":0,"parent":0,"menu_order":0,"comment_status":"closed","ping_status":"closed","template":"","meta":{"_monsterinsights_skip_tracking":false,"_monsterinsights_sitenote_active":false,"_monsterinsights_sitenote_note":"","_monsterinsights_sitenote_category":0,"ocean_post_layout":"full-width","ocean_both_sidebars_style":"","ocean_both_sidebars_content_width":0,"ocean_both_sidebars_sidebars_width":0,"ocean_sidebar":"","ocean_second_sidebar":"","ocean_disable_margins":"on","ocean_add_body_class":"","ocean_shortcode_before_top_bar":"","ocean_shortcode_after_top_bar":"","ocean_shortcode_before_header":"","ocean_shortcode_after_header":"","ocean_has_shortcode":"","ocean_shortcode_after_title":"","ocean_shortcode_before_footer_widgets":"","ocean_shortcode_after_footer_widgets":"","ocean_shortcode_before_footer_bottom":"","ocean_shortcode_after_footer_bottom":"","ocean_display_top_bar":"off","ocean_display_header":"off","ocean_header_style":"","ocean_center_header_left_menu":"","ocean_custom_header_template":"","ocean_custom_logo":0,"ocean_custom_retina_logo":0,"ocean_custom_logo_max_width":0,"ocean_custom_logo_tablet_max_width":0,"ocean_custom_logo_mobile_max_width":0,"ocean_custom_logo_max_height":0,"ocean_custom_logo_tablet_max_height":0,"ocean_custom_logo_mobile_max_height":0,"ocean_header_custom_menu":"","ocean_menu_typo_font_family":"","ocean_menu_typo_font_subset":"","ocean_menu_typo_font_size":0,"ocean_menu_typo_font_size_tablet":0,"ocean_menu_typo_font_size_mobile":0,"ocean_menu_typo_font_size_unit":"px","ocean_menu_typo_font_weight":"","ocean_menu_typo_font_weight_tablet":"","ocean_menu_typo_font_weight_mobile":"","ocean_menu_typo_transform":"","ocean_menu_typo_transform_tablet":"","ocean_menu_typo_transform_mobile":"","ocean_menu_typo_line_height":0,"ocean_menu_typo_line_height_tablet":0,"ocean_menu_typo_line_height_mobile":0,"ocean_menu_typo_line_height_unit":"","ocean_menu_typo_spacing":0,"ocean_menu_typo_spacing_tablet":0,"ocean_menu_typo_spacing_mobile":0,"ocean_menu_typo_spacing_unit":"","ocean_menu_link_color":"","ocean_menu_link_color_hover":"","ocean_menu_link_color_active":"","ocean_menu_link_background":"","ocean_menu_link_hover_background":"","ocean_menu_link_active_background":"","ocean_menu_social_links_bg":"","ocean_menu_social_hover_links_bg":"","ocean_menu_social_links_color":"","ocean_menu_social_hover_links_color":"","ocean_disable_title":"on","ocean_disable_heading":"default","ocean_post_title":"","ocean_post_subheading":"","ocean_post_title_style":"","ocean_post_title_background_color":"","ocean_post_title_background":0,"ocean_post_title_bg_image_position":"","ocean_post_title_bg_image_attachment":"","ocean_post_title_bg_image_repeat":"","ocean_post_title_bg_image_size":"","ocean_post_title_height":0,"ocean_post_title_bg_overlay":0.5,"ocean_post_title_bg_overlay_color":"","ocean_disable_breadcrumbs":"off","ocean_breadcrumbs_color":"","ocean_breadcrumbs_separator_color":"","ocean_breadcrumbs_links_color":"","ocean_breadcrumbs_links_hover_color":"","ocean_display_footer_widgets":"off","ocean_display_footer_bottom":"off","ocean_custom_footer_template":"","footnotes":""},"class_list":["post-124","page","type-page","status-publish","hentry","entry"],"yoast_head":"<!-- This site is optimized with the Yoast SEO plugin v27.5 - https:\/\/yoast.com\/product\/yoast-seo-wordpress\/ -->\n<title>Mentions l\u00e9gales - Patrice Bonneau<\/title>\n<meta name=\"robots\" content=\"noindex, nofollow\" \/>\n<meta property=\"og:locale\" content=\"fr_FR\" \/>\n<meta property=\"og:type\" content=\"article\" \/>\n<meta property=\"og:title\" content=\"Mentions l\u00e9gales - Patrice Bonneau\" \/>\n<meta property=\"og:description\" content=\"Loi informatique et libert\u00e9s : Conform\u00e9ment \u00e0 l&rsquo;article 39 de la loi \u00ab\u00a0Informatique et Libert\u00e9s\u00a0\u00bb du 6 janvier 1978, l&rsquo;utilisateur dispose d&rsquo;un droit d&rsquo;acc\u00e8s, de modification, de rectification et de suppression des donn\u00e9es le concernant. Pour l&rsquo;exercice de ces droits, l&rsquo;utilisateur est invit\u00e9 \u00e0 s&rsquo;adresser par courriel \u00e0 contact@patrice-bonneau.com. Il peut aussi \u00e9crire au Responsable [&hellip;]\" \/>\n<meta property=\"og:url\" content=\"https:\/\/patrice-bonneau.com\/index.php\/mentions-legales\/\" \/>\n<meta property=\"og:site_name\" content=\"Patrice Bonneau\" \/>\n<meta property=\"article:publisher\" content=\"https:\/\/www.facebook.com\/PatriceBonneauPaysage\/\" \/>\n<meta property=\"article:modified_time\" content=\"2024-01-22T13:45:22+00:00\" \/>\n<meta name=\"twitter:card\" content=\"summary_large_image\" \/>\n<meta name=\"twitter:label1\" content=\"Dur\u00e9e de lecture estim\u00e9e\" \/>\n\t<meta name=\"twitter:data1\" content=\"3 minutes\" \/>\n<script type=\"application\/ld+json\" class=\"yoast-schema-graph\">{\"@context\":\"https:\\\/\\\/schema.org\",\"@graph\":[{\"@type\":\"WebPage\",\"@id\":\"https:\\\/\\\/patrice-bonneau.com\\\/index.php\\\/mentions-legales\\\/\",\"url\":\"https:\\\/\\\/patrice-bonneau.com\\\/index.php\\\/mentions-legales\\\/\",\"name\":\"Mentions l\u00e9gales - Patrice Bonneau\",\"isPartOf\":{\"@id\":\"http:\\\/\\\/patrice-bonneau.com\\\/#website\"},\"datePublished\":\"2024-01-22T13:35:51+00:00\",\"dateModified\":\"2024-01-22T13:45:22+00:00\",\"breadcrumb\":{\"@id\":\"https:\\\/\\\/patrice-bonneau.com\\\/index.php\\\/mentions-legales\\\/#breadcrumb\"},\"inLanguage\":\"fr-FR\",\"potentialAction\":[{\"@type\":\"ReadAction\",\"target\":[\"https:\\\/\\\/patrice-bonneau.com\\\/index.php\\\/mentions-legales\\\/\"]}]},{\"@type\":\"BreadcrumbList\",\"@id\":\"https:\\\/\\\/patrice-bonneau.com\\\/index.php\\\/mentions-legales\\\/#breadcrumb\",\"itemListElement\":[{\"@type\":\"ListItem\",\"position\":1,\"name\":\"Accueil\",\"item\":\"http:\\\/\\\/patrice-bonneau.com\\\/\"},{\"@type\":\"ListItem\",\"position\":2,\"name\":\"Mentions l\u00e9gales\"}]},{\"@type\":\"WebSite\",\"@id\":\"http:\\\/\\\/patrice-bonneau.com\\\/#website\",\"url\":\"http:\\\/\\\/patrice-bonneau.com\\\/\",\"name\":\"Patrice Bonneau - Paysagiste conseil\",\"description\":\"Paysagiste conseil\",\"publisher\":{\"@id\":\"http:\\\/\\\/patrice-bonneau.com\\\/#organization\"},\"potentialAction\":[{\"@type\":\"SearchAction\",\"target\":{\"@type\":\"EntryPoint\",\"urlTemplate\":\"http:\\\/\\\/patrice-bonneau.com\\\/?s={search_term_string}\"},\"query-input\":{\"@type\":\"PropertyValueSpecification\",\"valueRequired\":true,\"valueName\":\"search_term_string\"}}],\"inLanguage\":\"fr-FR\"},{\"@type\":\"Organization\",\"@id\":\"http:\\\/\\\/patrice-bonneau.com\\\/#organization\",\"name\":\"Patrice Bonneau\",\"url\":\"http:\\\/\\\/patrice-bonneau.com\\\/\",\"logo\":{\"@type\":\"ImageObject\",\"inLanguage\":\"fr-FR\",\"@id\":\"http:\\\/\\\/patrice-bonneau.com\\\/#\\\/schema\\\/logo\\\/image\\\/\",\"url\":\"http:\\\/\\\/patrice-bonneau.com\\\/wp-content\\\/uploads\\\/2024\\\/01\\\/cropped-Logo-transparent.png\",\"contentUrl\":\"http:\\\/\\\/patrice-bonneau.com\\\/wp-content\\\/uploads\\\/2024\\\/01\\\/cropped-Logo-transparent.png\",\"width\":512,\"height\":512,\"caption\":\"Patrice Bonneau\"},\"image\":{\"@id\":\"http:\\\/\\\/patrice-bonneau.com\\\/#\\\/schema\\\/logo\\\/image\\\/\"},\"sameAs\":[\"https:\\\/\\\/www.facebook.com\\\/PatriceBonneauPaysage\\\/\",\"https:\\\/\\\/www.pinterest.fr\\\/bonneaupaysagiste\\\/\",\"https:\\\/\\\/www.linkedin.com\\\/in\\\/patrice-bonneau-b91ab5b2\\\/\"]}]}<\/script>\n<!-- \/ Yoast SEO plugin. -->","yoast_head_json":{"title":"Mentions l\u00e9gales - Patrice Bonneau","robots":{"index":"noindex","follow":"nofollow"},"og_locale":"fr_FR","og_type":"article","og_title":"Mentions l\u00e9gales - Patrice Bonneau","og_description":"Loi informatique et libert\u00e9s : Conform\u00e9ment \u00e0 l&rsquo;article 39 de la loi \u00ab\u00a0Informatique et Libert\u00e9s\u00a0\u00bb du 6 janvier 1978, l&rsquo;utilisateur dispose d&rsquo;un droit d&rsquo;acc\u00e8s, de modification, de rectification et de suppression des donn\u00e9es le concernant. Pour l&rsquo;exercice de ces droits, l&rsquo;utilisateur est invit\u00e9 \u00e0 s&rsquo;adresser par courriel \u00e0 contact@patrice-bonneau.com. Il peut aussi \u00e9crire au Responsable [&hellip;]","og_url":"https:\/\/patrice-bonneau.com\/index.php\/mentions-legales\/","og_site_name":"Patrice Bonneau","article_publisher":"https:\/\/www.facebook.com\/PatriceBonneauPaysage\/","article_modified_time":"2024-01-22T13:45:22+00:00","twitter_card":"summary_large_image","twitter_misc":{"Dur\u00e9e de lecture estim\u00e9e":"3 minutes"},"schema":{"@context":"https:\/\/schema.org","@graph":[{"@type":"WebPage","@id":"https:\/\/patrice-bonneau.com\/index.php\/mentions-legales\/","url":"https:\/\/patrice-bonneau.com\/index.php\/mentions-legales\/","name":"Mentions l\u00e9gales - Patrice Bonneau","isPartOf":{"@id":"http:\/\/patrice-bonneau.com\/#website"},"datePublished":"2024-01-22T13:35:51+00:00","dateModified":"2024-01-22T13:45:22+00:00","breadcrumb":{"@id":"https:\/\/patrice-bonneau.com\/index.php\/mentions-legales\/#breadcrumb"},"inLanguage":"fr-FR","potentialAction":[{"@type":"ReadAction","target":["https:\/\/patrice-bonneau.com\/index.php\/mentions-legales\/"]}]},{"@type":"BreadcrumbList","@id":"https:\/\/patrice-bonneau.com\/index.php\/mentions-legales\/#breadcrumb","itemListElement":[{"@type":"ListItem","position":1,"name":"Accueil","item":"http:\/\/patrice-bonneau.com\/"},{"@type":"ListItem","position":2,"name":"Mentions l\u00e9gales"}]},{"@type":"WebSite","@id":"http:\/\/patrice-bonneau.com\/#website","url":"http:\/\/patrice-bonneau.com\/","name":"Patrice Bonneau - Paysagiste conseil","description":"Paysagiste conseil","publisher":{"@id":"http:\/\/patrice-bonneau.com\/#organization"},"potentialAction":[{"@type":"SearchAction","target":{"@type":"EntryPoint","urlTemplate":"http:\/\/patrice-bonneau.com\/?s={search_term_string}"},"query-input":{"@type":"PropertyValueSpecification","valueRequired":true,"valueName":"search_term_string"}}],"inLanguage":"fr-FR"},{"@type":"Organization","@id":"http:\/\/patrice-bonneau.com\/#organization","name":"Patrice Bonneau","url":"http:\/\/patrice-bonneau.com\/","logo":{"@type":"ImageObject","inLanguage":"fr-FR","@id":"http:\/\/patrice-bonneau.com\/#\/schema\/logo\/image\/","url":"http:\/\/patrice-bonneau.com\/wp-content\/uploads\/2024\/01\/cropped-Logo-transparent.png","contentUrl":"http:\/\/patrice-bonneau.com\/wp-content\/uploads\/2024\/01\/cropped-Logo-transparent.png","width":512,"height":512,"caption":"Patrice Bonneau"},"image":{"@id":"http:\/\/patrice-bonneau.com\/#\/schema\/logo\/image\/"},"sameAs":["https:\/\/www.facebook.com\/PatriceBonneauPaysage\/","https:\/\/www.pinterest.fr\/bonneaupaysagiste\/","https:\/\/www.linkedin.com\/in\/patrice-bonneau-b91ab5b2\/"]}]}},"_links":{"self":[{"href":"https:\/\/patrice-bonneau.com\/index.php\/wp-json\/wp\/v2\/pages\/124","targetHints":{"allow":["GET"]}}],"collection":[{"href":"https:\/\/patrice-bonneau.com\/index.php\/wp-json\/wp\/v2\/pages"}],"about":[{"href":"https:\/\/patrice-bonneau.com\/index.php\/wp-json\/wp\/v2\/types\/page"}],"author":[{"embeddable":true,"href":"https:\/\/patrice-bonneau.com\/index.php\/wp-json\/wp\/v2\/users\/1"}],"replies":[{"embeddable":true,"href":"https:\/\/patrice-bonneau.com\/index.php\/wp-json\/wp\/v2\/comments?post=124"}],"version-history":[{"count":5,"href":"https:\/\/patrice-bonneau.com\/index.php\/wp-json\/wp\/v2\/pages\/124\/revisions"}],"predecessor-version":[{"id":131,"href":"https:\/\/patrice-bonneau.com\/index.php\/wp-json\/wp\/v2\/pages\/124\/revisions\/131"}],"wp:attachment":[{"href":"https:\/\/patrice-bonneau.com\/index.php\/wp-json\/wp\/v2\/media?parent=124"}],"curies":[{"name":"wp","href":"https:\/\/api.w.org\/{rel}","templated":true}]}}